{"id":11676,"date":"2025-02-03T10:16:39","date_gmt":"2025-02-03T09:16:39","guid":{"rendered":"https:\/\/www.golvobygg.se\/?page_id=11676"},"modified":"2025-02-03T10:30:13","modified_gmt":"2025-02-03T09:30:13","slug":"startsida","status":"publish","type":"page","link":"https:\/\/www.golvobygg.se\/","title":{"rendered":"Startsida"},"content":{"rendered":"\n<p><\/p>\n\n\n\n<p class=\"has-text-align-center has-medium-font-size\"><br>En kontakt. En order. En leverans. En faktura. Vi vet hur vi skall g\u00f6ra livet enklare f\u00f6r alla som bygger och inreder bost\u00e4der och offentlig milj\u00f6. Med kunder som sp\u00e4nner fr\u00e5n fastighetsbolag till golventrepren\u00f6rer, och med verksamhet fr\u00e5n norr till s\u00f6der, har SGD gruppen utvecklats till Sveriges ledande leverant\u00f6r av kompletta golvl\u00f6sningar. Vi har bidragit till projekt som sp\u00e4nner fr\u00e5n privatbost\u00e4der till stora fastigheter, restauranger och andra kommersiella milj\u00f6er &#8211; b\u00e5de n\u00e4r det g\u00e4ller renovering och nyproduktion.<\/p>\n\n\n\n<p class=\"has-text-align-center has-medium-font-size\">Se mer p\u00e5 <a href=\"http:\/\/www.sgd.se\" data-type=\"link\" data-id=\"www.sdg.se\" target=\"_blank\" rel=\"noreferrer noopener\"><strong>sgd.se<\/strong><\/a><\/p>\n\n\n\n<p><\/p>\n","protected":false},"excerpt":{"rendered":"<p>En kontakt. En order. En leverans. En faktura. Vi vet hur vi skall g\u00f6ra livet enklare f\u00f6r alla som bygger och inreder bost\u00e4der och offentlig milj\u00f6. Med kunder som sp\u00e4nner fr\u00e5n fastighetsbolag till golventrepren\u00f6rer, och med verksamhet fr\u00e5n norr till s\u00f6der, har SGD gruppen utvecklats till Sveriges ledande leverant\u00f6r av kompletta golvl\u00f6sningar. Vi har bidragit &hellip; <\/p>\n<p class=\"link-more\"><a href=\"https:\/\/www.golvobygg.se\/\" class=\"more-link\">L\u00e4s mer<span class=\"screen-reader-text\"> \u201dStartsida\u201d<\/span><\/a><\/p>\n","protected":false},"author":1,"featured_media":0,"parent":0,"menu_order":0,"comment_status":"closed","ping_status":"closed","template":"","meta":{"footnotes":""},"class_list":["post-11676","page","type-page","status-publish","hentry"],"jetpack_sharing_enabled":true,"jetpack_shortlink":"https:\/\/wp.me\/P9zatA-32k","jetpack_likes_enabled":true,"jetpack-related-posts":[],"_links":{"self":[{"href":"https:\/\/www.golvobygg.se\/index.php\/wp-json\/wp\/v2\/pages\/11676","targetHints":{"allow":["GET"]}}],"collection":[{"href":"https:\/\/www.golvobygg.se\/index.php\/wp-json\/wp\/v2\/pages"}],"about":[{"href":"https:\/\/www.golvobygg.se\/index.php\/wp-json\/wp\/v2\/types\/page"}],"author":[{"embeddable":true,"href":"https:\/\/www.golvobygg.se\/index.php\/wp-json\/wp\/v2\/users\/1"}],"replies":[{"embeddable":true,"href":"https:\/\/www.golvobygg.se\/index.php\/wp-json\/wp\/v2\/comments?post=11676"}],"version-history":[{"count":9,"href":"https:\/\/www.golvobygg.se\/index.php\/wp-json\/wp\/v2\/pages\/11676\/revisions"}],"predecessor-version":[{"id":11695,"href":"https:\/\/www.golvobygg.se\/index.php\/wp-json\/wp\/v2\/pages\/11676\/revisions\/11695"}],"wp:attachment":[{"href":"https:\/\/www.golvobygg.se\/index.php\/wp-json\/wp\/v2\/media?parent=11676"}],"curies":[{"name":"wp","href":"https:\/\/api.w.org\/{rel}","templated":true}]}}